{"id":194,"date":"2016-10-19T08:22:37","date_gmt":"2016-10-19T08:22:37","guid":{"rendered":"http:\/\/9851cab09eccb508715b8fa81b4791e9ed570b28.web26.temporaryurl.org\/forside\/?lang=de"},"modified":"2017-05-11T13:22:07","modified_gmt":"2017-05-11T13:22:07","slug":"forside","status":"publish","type":"page","link":"https:\/\/k-a-l.dk\/de\/","title":{"rendered":"Willkommen"},"content":{"rendered":"<div id=\"pl-194\"  class=\"panel-layout\" ><div id=\"pg-194-0\"  class=\"panel-grid panel-has-style\" ><div class=\"siteorigin-panels-stretch panel-row-style panel-row-style-for-194-0\" data-stretch-type=\"full-stretched\" ><div id=\"pgc-194-0-0\"  class=\"panel-grid-cell\" ><div id=\"panel-194-0-0-0\" class=\"so-panel widget widget_sow-image panel-first-child panel-last-child\" data-index=\"0\" ><div\n\t\t\t\n\t\t\tclass=\"so-widget-sow-image so-widget-sow-image-default-dbf295114b96-194\"\n\t\t\t\n\t\t>\n<div class=\"sow-image-container\">\n\t\t<img \n\tsrc=\"https:\/\/k-a-l.dk\/wp-content\/uploads\/2016\/10\/Sliderbillede-nummer-1-1.jpg\" width=\"1919\" height=\"525\" srcset=\"https:\/\/k-a-l.dk\/wp-content\/uploads\/2016\/10\/Sliderbillede-nummer-1-1.jpg 1919w, https:\/\/k-a-l.dk\/wp-content\/uploads\/2016\/10\/Sliderbillede-nummer-1-1-300x82.jpg 300w, https:\/\/k-a-l.dk\/wp-content\/uploads\/2016\/10\/Sliderbillede-nummer-1-1-768x210.jpg 768w, https:\/\/k-a-l.dk\/wp-content\/uploads\/2016\/10\/Sliderbillede-nummer-1-1-1024x280.jpg 1024w\" sizes=\"(max-width: 1919px) 100vw, 1919px\" title=\"Sliderbillede nummer 1\" alt=\"\" \t\tclass=\"so-widget-image\"\/>\n\t<\/div>\n\n<\/div><\/div><\/div><\/div><\/div><div id=\"pg-194-1\"  class=\"panel-grid panel-has-style\" ><div class=\"siteorigin-panels-stretch panel-row-style panel-row-style-for-194-1\" data-stretch-type=\"full\" ><div id=\"pgc-194-1-0\"  class=\"panel-grid-cell\" ><div id=\"panel-194-1-0-0\" class=\"so-panel widget widget_sow-editor panel-first-child panel-last-child\" data-index=\"1\" ><div\n\t\t\t\n\t\t\tclass=\"so-widget-sow-editor so-widget-sow-editor-base\"\n\t\t\t\n\t\t>\n<div class=\"siteorigin-widget-tinymce textwidget\">\n\t<h1>Wir optimieren Prozesse<\/h1>\n<p>Schnekke Design, Schnekke Reinigung, Rundschleifen, Reparatur und Neufertigung von Schnecken, F\u00f6rderelementen, Zylindern und anderen wichtigen, runden Verschlei\u00dfteilen<\/p>\n<p>K.A.L. ProcesTeknik A\/S hat sich auf Schnekke Design, Schnekke Reinigung, Rundschleifen, die Reparatur und Neufertigung von Schnecken, F\u00f6rderelementen, Zylindern und anderen wichtigen, runden Verschlei\u00dfteilen spezialisiert. Die optimale Funktion dieser vitalen Bauteile ist entscheidend f\u00fcr das Volumen und die Qualit\u00e4t des fertigen Produkts.<\/p>\n<p><a href=\"&quot;\/kontakt-os\/?lang=de\"><button class=\"button button2\">Kontakt<\/button><\/a><\/p>\n<\/div>\n<\/div><\/div><\/div><div id=\"pgc-194-1-1\"  class=\"panel-grid-cell\" ><div id=\"panel-194-1-1-0\" class=\"so-panel widget widget_sow-editor panel-first-child panel-last-child\" data-index=\"2\" ><div\n\t\t\t\n\t\t\tclass=\"so-widget-sow-editor so-widget-sow-editor-base\"\n\t\t\t\n\t\t>\n<div class=\"siteorigin-widget-tinymce textwidget\">\n\t<p><img loading=\"lazy\" decoding=\"async\" class=\"size-medium wp-image-40 alignright\" src=\"https:\/\/k-a-l.dk\/wp-content\/uploads\/2016\/10\/snegle_rundslibning_foringer-300x182.jpg\" alt=\"snegle_rundslibning_foringer\" width=\"300\" height=\"182\" \/><\/p>\n<\/div>\n<\/div><\/div><\/div><\/div><\/div><div id=\"pg-194-2\"  class=\"panel-grid panel-no-style\" ><div id=\"pgc-194-2-0\"  class=\"panel-grid-cell\" ><div id=\"panel-194-2-0-0\" class=\"so-panel widget widget_sow-editor panel-first-child\" data-index=\"3\" ><div class=\"frontBox2 panel-widget-style panel-widget-style-for-194-2-0-0\" ><div\n\t\t\t\n\t\t\tclass=\"so-widget-sow-editor so-widget-sow-editor-base\"\n\t\t\t\n\t\t>\n<div class=\"siteorigin-widget-tinymce textwidget\">\n\t<h2>Renovering<\/h2>\n<\/div>\n<\/div><\/div><\/div><div id=\"panel-194-2-0-1\" class=\"so-panel widget widget_sow-editor panel-last-child\" data-index=\"4\" ><div class=\"frontBoxText2 panel-widget-style panel-widget-style-for-194-2-0-1\" ><div\n\t\t\t\n\t\t\tclass=\"so-widget-sow-editor so-widget-sow-editor-base\"\n\t\t\t\n\t\t>\n<div class=\"siteorigin-widget-tinymce textwidget\">\n\t<p>Reparatur<\/p>\n<p>Die rechtzeitige Reparatur der Bauteile bietet wesentliche, in Zeit und Geld messbare Vorteile:<\/p>\n<p> Die Reparatur ist billiger als ein Neukauf \u2013 wobei K.A.L. Lebensdauer und Funktion wie bei neuen Prozessteilen garantiert. Alle Reparaturen werden zu Festpreisen ausgef\u00fchrt.<\/p>\n<p> Die Lieferzeit ist bei Reparaturen k\u00fcrzer als bei Neufertigung. K.A.L. garantiert die Ausf\u00fchrung aller Reparaturen innerhalb von h\u00f6chstens zwei Wochen. Davor wird das Werkst\u00fcck ausgemessen und beurteilt und das Ergebnis innerhalb von 24 Stunden nach Empfang mitgeteilt.<\/p>\n<p> Betriebsst\u00f6rungen werden minimiert \u2013 abgenutzte Teile verursachen Betriebsst\u00f6rungen und Qualit\u00e4tsprobleme. Bei rechtzeitiger Reparatur wird der gleichm\u00e4\u00dfig hohe Standard Ihrer Fertigung bewahrt.<\/p>\n<p> Energiekosten werden niedrig gehalten. Nicht rechtzeitig reparierte Teile f\u00fchren zu erh\u00f6htem Energieverbrauch und entsprechend steigenden Kosten.<\/p>\n<p> Die Umweltbelastung wird verringert \u2013 Reparatur ist eine Form der Wiederverwendung.<\/p>\n<\/div>\n<\/div><\/div><\/div><\/div><div id=\"pgc-194-2-1\"  class=\"panel-grid-cell\" ><div id=\"panel-194-2-1-0\" class=\"so-panel widget widget_sow-editor panel-first-child\" data-index=\"5\" ><div class=\"frontBox2 panel-widget-style panel-widget-style-for-194-2-1-0\" ><div\n\t\t\t\n\t\t\tclass=\"so-widget-sow-editor so-widget-sow-editor-base\"\n\t\t\t\n\t\t>\n<div class=\"siteorigin-widget-tinymce textwidget\">\n\t<h2><strong>Neufertigung<\/strong><\/h2>\n<\/div>\n<\/div><\/div><\/div><div id=\"panel-194-2-1-1\" class=\"so-panel widget widget_sow-editor\" data-index=\"6\" ><div class=\"frontBoxText2 panel-widget-style panel-widget-style-for-194-2-1-1\" ><div\n\t\t\t\n\t\t\tclass=\"so-widget-sow-editor so-widget-sow-editor-base\"\n\t\t\t\n\t\t>\n<div class=\"siteorigin-widget-tinymce textwidget\">\n\t<p>Alles hat eine Grenze \u2013 auch die M\u00f6glichkeiten der Reparatur. Daher bietet K.A.L. auch die Neufertigung von Schnecken, F\u00f6rderelementen und Zylindern in neuem, optimiertem Design oder nach Auftrag an. <br \/>Dies ist eine sinnvolle Ausweitung unseres Gesch\u00e4ftbereichs und gibt unseren Kunden die Sicherheit, sich mit ihren Auftr\u00e4gen nur an einen Lieferanten wenden zu m\u00fcssen. <\/p>\n<p>Die Werkst\u00fccke werden in allen \u00fcblichen <a href=\"\/tekniske-data\/?lang=de\">Metalltypen<\/a> geliefert und anschlie\u00dfend je nach Bedarf geh\u00e4rtet oder metallbeschichtet.<\/p>\n<\/div>\n<\/div><\/div><\/div><div id=\"panel-194-2-1-2\" class=\"so-panel widget widget_sow-editor\" data-index=\"7\" ><div class=\"frontBox2 panel-widget-style panel-widget-style-for-194-2-1-2\" ><div\n\t\t\t\n\t\t\tclass=\"so-widget-sow-editor so-widget-sow-editor-base\"\n\t\t\t\n\t\t>\n<div class=\"siteorigin-widget-tinymce textwidget\">\n\t<h2><strong>Zufriedene Kunden sind Beweis f\u00fcr Qualit\u00e4t und Service<\/strong><\/h2>\n<\/div>\n<\/div><\/div><\/div><div id=\"panel-194-2-1-3\" class=\"so-panel widget widget_sow-editor panel-last-child\" data-index=\"8\" ><div class=\"frontBoxText2 panel-widget-style panel-widget-style-for-194-2-1-3\" ><div\n\t\t\t\n\t\t\tclass=\"so-widget-sow-editor so-widget-sow-editor-base\"\n\t\t\t\n\t\t>\n<div class=\"siteorigin-widget-tinymce textwidget\">\n\t<p>Wir f\u00fchren regelm\u00e4\u00dfige Kundenbefragungen zu unserem gesamten Leistungsspektrum durch \u2013 bez\u00fcglich Reaktions- und Lieferzeit bis hin zu Beratung und Kompetenz. Und wir sind stolz auf unser Ergebnis. 99% unserer Kunden sind zufrieden mit K.A.L. als Lieferanten \u2013 mehr als 80% geh\u00f6ren zur Kategorie \u201dsehr zufrieden\u201d und \u201d\u00e4u\u00dferst zufrieden\u201d.<\/p>\n<\/div>\n<\/div><\/div><\/div><\/div><\/div><\/div>","protected":false},"excerpt":{"rendered":"<p>Wir optimieren Prozesse Schnekke Design, Schnekke Reinigung, Rundschleifen, Reparatur und Neufertigung von Schnecken, F\u00f6rderelementen, Zylindern und anderen wichtigen, runden Verschlei\u00dfteilen K.A.L. ProcesTeknik A\/S hat sich auf Schnekke Design, Schnekke Reinigung, Rundschleifen, die Reparatur und Neufertigung von Schnecken, F\u00f6rderelementen, Zylindern und anderen wichtigen, runden Verschlei\u00dfteilen spezialisiert. Die optimale Funktion dieser vitalen Bauteile ist entscheidend f\u00fcr das [&hellip;]<\/p>\n","protected":false},"author":1,"featured_media":0,"parent":0,"menu_order":0,"comment_status":"closed","ping_status":"closed","template":"","meta":{"footnotes":""},"class_list":["post-194","page","type-page","status-publish","hentry"],"_links":{"self":[{"href":"https:\/\/k-a-l.dk\/de\/wp-json\/wp\/v2\/pages\/194","targetHints":{"allow":["GET"]}}],"collection":[{"href":"https:\/\/k-a-l.dk\/de\/wp-json\/wp\/v2\/pages"}],"about":[{"href":"https:\/\/k-a-l.dk\/de\/wp-json\/wp\/v2\/types\/page"}],"author":[{"embeddable":true,"href":"https:\/\/k-a-l.dk\/de\/wp-json\/wp\/v2\/users\/1"}],"replies":[{"embeddable":true,"href":"https:\/\/k-a-l.dk\/de\/wp-json\/wp\/v2\/comments?post=194"}],"version-history":[{"count":5,"href":"https:\/\/k-a-l.dk\/de\/wp-json\/wp\/v2\/pages\/194\/revisions"}],"predecessor-version":[{"id":381,"href":"https:\/\/k-a-l.dk\/de\/wp-json\/wp\/v2\/pages\/194\/revisions\/381"}],"wp:attachment":[{"href":"https:\/\/k-a-l.dk\/de\/wp-json\/wp\/v2\/media?parent=194"}],"curies":[{"name":"wp","href":"https:\/\/api.w.org\/{rel}","templated":true}]}}