{"id":180,"date":"2016-10-19T08:22:49","date_gmt":"2016-10-19T08:22:49","guid":{"rendered":"http:\/\/9851cab09eccb508715b8fa81b4791e9ed570b28.web26.temporaryurl.org\/renovering\/?lang=de"},"modified":"2016-10-31T11:32:47","modified_gmt":"2016-10-31T11:32:47","slug":"renovering","status":"publish","type":"page","link":"https:\/\/k-a-l.dk\/de\/renovering\/","title":{"rendered":"Reparatur"},"content":{"rendered":"<div id=\"pl-180\"  class=\"panel-layout\" ><div id=\"pg-180-0\"  class=\"panel-grid panel-no-style\" ><div id=\"pgc-180-0-0\"  class=\"panel-grid-cell\" ><div id=\"panel-180-0-0-0\" class=\"so-panel widget widget_sow-editor panel-first-child panel-last-child\" data-index=\"0\" ><div\n\t\t\t\n\t\t\tclass=\"so-widget-sow-editor so-widget-sow-editor-base\"\n\t\t\t\n\t\t>\n<div class=\"siteorigin-widget-tinymce textwidget\">\n\t<h1>Schnecke, F\u00f6rderelemente und Zylinder<\/h1>\n<\/div>\n<\/div><\/div><\/div><\/div><div id=\"pg-180-1\"  class=\"panel-grid panel-no-style\" ><div id=\"pgc-180-1-0\"  class=\"panel-grid-cell\" ><div id=\"panel-180-1-0-0\" class=\"so-panel widget widget_sow-editor panel-first-child panel-last-child\" data-index=\"1\" ><div\n\t\t\t\n\t\t\tclass=\"so-widget-sow-editor so-widget-sow-editor-base\"\n\t\t\t\n\t\t>\n<div class=\"siteorigin-widget-tinymce textwidget\">\n\t<h2>Grunds\u00e4tzlich l\u00e4sst sich alles reparieren!<\/h2>\n<p>Die Problemstellung ist klar: Neue Schnecken, F\u00f6rderelemente und Zylinder sind kostspielig. Aber egal ob Kunststoff, Gummi, Fl\u00fcssigkeiten, Nahrungsmittel oder andere Stoffe unter Druck und hoher Temperatur gemischt und transportiert werden sollen, kommt es in der Fertigung wesentlich auf die optimale Funktion dieser Teile an - Volumen und Qualit\u00e4t m\u00fcssen einwandfrei sein.<br \/> K.A.L. hat sich seit drei\u00dfig Jahren eine au\u00dfergew\u00f6hnliche Expertise im Bereich Schnecke Renovirerung, Schnecke Reparartur, F\u00f6rderelemente Reparatur, F\u00f6rderelemente Renovierung und Zylinder Renovierung sowie anderen wichtigen, runden Verschlei\u00dfteilen aufgebaut. Unsere Ergebnisse und Erfahrungen zeigen, dass Reparaturteile von K.A.L. in Funktion und Lebensdauer neuen Bauteilen in nichts nachstehen.<\/p>\n<p>Unser Servicekonzept basiert auf vier Grundelementen:<br \/> Durchf\u00fchrbarkeit von Ausmessung und Beurteilung direkt beim Kunden<br \/> R\u00fcckmeldung innerhalb von 24 Stunden nach Empfang der Ausr\u00fcstung<br \/> H\u00f6chstens zwei Wochen Lieferzeit bei Reparaturen<br \/> Reparaturen zu festen Preisen<\/p>\n<p>Stichwort Schnecken und F\u00f6rderelemente<br \/> Abgenutzte, gebrochene oder verbogene Schnecken und F\u00f6rderelemente k\u00f6nnen repariert und die Geometrie modifiziert werden. Die Wahl des Plasmaschwei\u00df-Werkstoffs wird an den Metalltyp des Zylinders angepasst, in dem diese eingesetzt werden. Bei starkem Verschlei\u00df in einem begrenzten Bereich an Stegen und B\u00f6den ist ebenfalls eine Reparatur oder eine Verl\u00e4ngerung m\u00f6glich.<\/p>\n<p>Stichwort Zylinder<br \/> Egal ob ein Zylinder gasnitriert ist oder aus Bimetall besteht, ist eine Reparatur bzw. Verl\u00e4ngerung m\u00f6glich. Dies gilt auch bei starkem Verschlei\u00df in einem begrenzten Bereich.<\/p>\n<p>Ma\u00dfhonen und - sofern erforderlich - Nachh\u00e4rten<br \/> Einbau von neuen Zylinderst\u00fccken - siehe Beispiele<br \/> Andere Formen der Reparatur<br \/> Unsere Expertise und unsere Fertigungsanlagen erm\u00f6glichen uns viele Arten der Reparatur \u2013 und diese nutzen wir!<\/p>\n<p>Hier einige Beispiele:<\/p>\n<p>Ein gebrochener Holm wird mit einem Bolzen verschraubt, verschwei\u00dft und oberfl\u00e4chen-behandelt.<br \/> Ein abgenutzter oder besch\u00e4digter Schaft wird sauber geschliffen, anschlie\u00dfend aufgechromt und schlie\u00dflich auf Ma\u00df geschliffen.<br \/> Die Kniehebel f\u00fcr Spritzguss-maschinen werden mit neuen Bronzebuchsen und die Sch\u00e4fte mit Hartchrombeschichtungen versehen.<br \/> Auf Verschlei\u00dfschichten werden verschiedene Werkst\u00fccke aufgeschwei\u00dft und nachtr\u00e4glich geschliffen.<br \/> Reparatur von Pumpen und Ventilgeh\u00e4usen.<br \/> Reparatur verschiedener Formen von Dekantern.<br \/> Einlauf\u00f6ffnungen, R\u00fccksprungsperren, Walzen und D\u00fcsen \u2026 werden ebenfalls mit gleichem gutem Ergebnis repariert.<\/p>\n<p>Es gibt viele M\u00f6glichkeiten \u2013 fragen Sie uns, und wir finden eine L\u00f6sung, die billiger und schneller ist als eine Neufertigung.<\/p>\n<p>Weitere Informationen, z.B. \u00fcber Technologien, Materialien und Beschichtungen, <a href=\"\/tekniske-data\/?lang=de\">finden Sie hier: &gt;&gt; Technische daten<\/a><\/p>\n<\/div>\n<\/div><\/div><\/div><div id=\"pgc-180-1-1\"  class=\"panel-grid-cell panel-grid-cell-empty\" ><\/div><div id=\"pgc-180-1-2\"  class=\"panel-grid-cell\" ><div id=\"panel-180-1-2-0\" class=\"so-panel widget widget_sow-editor panel-first-child\" data-index=\"2\" ><div class=\"panel-widget-style panel-widget-style-for-180-1-2-0\" ><div\n\t\t\t\n\t\t\tclass=\"so-widget-sow-editor so-widget-sow-editor-base\"\n\t\t\t\n\t\t>\n<div class=\"siteorigin-widget-tinymce textwidget\">\n\t<p><img loading=\"lazy\" decoding=\"async\" class=\"alignnone size-medium wp-image-55\" src=\"https:\/\/k-a-l.dk\/wp-content\/uploads\/2016\/10\/01-300x164.png\" alt=\"01\" width=\"300\" height=\"164\" srcset=\"https:\/\/k-a-l.dk\/wp-content\/uploads\/2016\/10\/01-300x164.png 300w, https:\/\/k-a-l.dk\/wp-content\/uploads\/2016\/10\/01.png 350w\" sizes=\"auto, (max-width: 300px) 100vw, 300px\" \/><\/p>\n<p><strong>Die Schnecke wird gereinigt und die Stege aufgeschwei\u00dft.<\/strong>.<br \/>\nDas Aufschwei\u00dfen erfolgt an einem speziell gefertigten Plasmaschwei\u00df-Roboter. Als Schwei\u00dfwerkstoffe stehen u.a. Pulverlegierungen auf Kobalt- oder Nickelbasis zur Verf\u00fcgung.<\/p>\n<\/div>\n<\/div><\/div><\/div><div id=\"panel-180-1-2-1\" class=\"so-panel widget widget_sow-editor\" data-index=\"3\" ><div class=\"panel-widget-style panel-widget-style-for-180-1-2-1\" ><div\n\t\t\t\n\t\t\tclass=\"so-widget-sow-editor so-widget-sow-editor-base\"\n\t\t\t\n\t\t>\n<div class=\"siteorigin-widget-tinymce textwidget\">\n\t<p><img loading=\"lazy\" decoding=\"async\" class=\"alignnone size-medium wp-image-58\" src=\"https:\/\/k-a-l.dk\/wp-content\/uploads\/2016\/10\/02-300x164.png\" alt=\"02\" width=\"300\" height=\"164\" srcset=\"https:\/\/k-a-l.dk\/wp-content\/uploads\/2016\/10\/02-300x164.png 300w, https:\/\/k-a-l.dk\/wp-content\/uploads\/2016\/10\/02.png 350w\" sizes=\"auto, (max-width: 300px) 100vw, 300px\" \/><\/p>\n<p><strong>Die aufgeschwei\u00dfte Schnecke wird auf Ma\u00df geschliffen.<\/strong><br \/>\nDies erfolgt an einer CNC-gesteuerten Rundschleifmaschine.<\/p>\n<\/div>\n<\/div><\/div><\/div><div id=\"panel-180-1-2-2\" class=\"so-panel widget widget_sow-editor panel-last-child\" data-index=\"4\" ><div class=\"panel-widget-style panel-widget-style-for-180-1-2-2\" ><div\n\t\t\t\n\t\t\tclass=\"so-widget-sow-editor so-widget-sow-editor-base\"\n\t\t\t\n\t\t>\n<div class=\"siteorigin-widget-tinymce textwidget\">\n\t<p><img loading=\"lazy\" decoding=\"async\" class=\"alignnone size-medium wp-image-59\" src=\"https:\/\/k-a-l.dk\/wp-content\/uploads\/2016\/10\/03-300x164.png\" alt=\"03\" width=\"300\" height=\"164\" srcset=\"https:\/\/k-a-l.dk\/wp-content\/uploads\/2016\/10\/03-300x164.png 300w, https:\/\/k-a-l.dk\/wp-content\/uploads\/2016\/10\/03.png 350w\" sizes=\"auto, (max-width: 300px) 100vw, 300px\" \/><\/p>\n<p><strong>Der letzte Arbeitsschritt<\/strong><br \/>\nist das Polieren der Schnecke an einer vollautomatischen Vibrationspoliermaschine.<\/p>\n<\/div>\n<\/div><\/div><\/div><\/div><\/div><div id=\"pg-180-2\"  class=\"panel-grid panel-has-style\" ><div class=\"panel-row-style panel-row-style-for-180-2\" ><div id=\"pgc-180-2-0\"  class=\"panel-grid-cell\" ><div id=\"panel-180-2-0-0\" class=\"so-panel widget widget_sow-editor panel-first-child panel-last-child\" data-index=\"5\" ><div\n\t\t\t\n\t\t\tclass=\"so-widget-sow-editor so-widget-sow-editor-base\"\n\t\t\t\n\t\t>\n<div class=\"siteorigin-widget-tinymce textwidget\">\n\t<h2>Produktangebot \u2013 Neufertigung<\/h2>\n<p>&nbsp;<\/p>\n<\/div>\n<\/div><\/div><\/div><\/div><\/div><div id=\"pg-180-3\"  class=\"panel-grid panel-no-style\" ><div id=\"pgc-180-3-0\"  class=\"panel-grid-cell\" ><div id=\"panel-180-3-0-0\" class=\"so-panel widget widget_sow-editor panel-first-child panel-last-child\" data-index=\"6\" ><div class=\"panel-widget-style panel-widget-style-for-180-3-0-0\" ><div\n\t\t\t\n\t\t\tclass=\"so-widget-sow-editor so-widget-sow-editor-base\"\n\t\t\t\n\t\t>\n<div class=\"siteorigin-widget-tinymce textwidget\">\n\t<h2><img loading=\"lazy\" decoding=\"async\" class=\"size-full wp-image-78 alignleft\" src=\"https:\/\/k-a-l.dk\/wp-content\/uploads\/2016\/10\/001.png\" alt=\"001\" width=\"137\" height=\"199\" \/><\/h2>\n<h2>Produktangebot<\/h2>\n<p><strong>Schnecken - Schneckenelemente - F\u00f6rderelemente \u2013 Schneckenspitzen<\/strong><br \/>\nDesign, Abmessung, durchgeh\u00e4rtet, gasnitriert, Stellit 12, Colmonoy 56, Wolframkarbid, Barrierestege, Mischer, Entgasung, PVD-Beschichtung<\/p>\n<\/div>\n<\/div><\/div><\/div><\/div><div id=\"pgc-180-3-1\"  class=\"panel-grid-cell\" ><div id=\"panel-180-3-1-0\" class=\"so-panel widget widget_sow-editor panel-first-child panel-last-child\" data-index=\"7\" ><div class=\"panel-widget-style panel-widget-style-for-180-3-1-0\" ><div\n\t\t\t\n\t\t\tclass=\"so-widget-sow-editor so-widget-sow-editor-base\"\n\t\t\t\n\t\t>\n<div class=\"siteorigin-widget-tinymce textwidget\">\n\t<p><img loading=\"lazy\" decoding=\"async\" class=\"size-full wp-image-66 alignleft\" src=\"https:\/\/k-a-l.dk\/wp-content\/uploads\/2016\/10\/3.jpg\" alt=\"3\" width=\"150\" height=\"112\" \/><\/p>\n<h2>Zylinder und Einlauf\u00f6ffnungen<\/h2>\n<p>Abmessung, Honen, Einsetzen neuer St\u00fccke, durchgeh\u00e4rtet,<br \/> gasnitriert, Bimetall, Bimetall mit Wolframkarbid, Entgasung, Einlauf\u00f6ffnungen, Nutenb\u00fcchsen.<\/p>\n<\/div>\n<\/div><\/div><\/div><\/div><\/div><div id=\"pg-180-4\"  class=\"panel-grid panel-no-style\" ><div id=\"pgc-180-4-0\"  class=\"panel-grid-cell\" ><div id=\"panel-180-4-0-0\" class=\"so-panel widget widget_sow-editor panel-first-child panel-last-child\" data-index=\"8\" ><div class=\"panel-widget-style panel-widget-style-for-180-4-0-0\" ><div\n\t\t\t\n\t\t\tclass=\"so-widget-sow-editor so-widget-sow-editor-base\"\n\t\t\t\n\t\t>\n<div class=\"siteorigin-widget-tinymce textwidget\">\n\t<h2><img loading=\"lazy\" decoding=\"async\" class=\"size-full wp-image-67 alignleft\" src=\"https:\/\/k-a-l.dk\/wp-content\/uploads\/2016\/10\/4.jpg\" alt=\"4\" width=\"150\" height=\"150\" \/><\/h2>\n<h2>R\u00fccksprungssperre<\/h2>\n<p>Aufschwei\u00dfen von Verschlussfl\u00e4chen, gasnitriert, durchgeh\u00e4rtet, Wolframkarbid.<\/p>\n<\/div>\n<\/div><\/div><\/div><\/div><div id=\"pgc-180-4-1\"  class=\"panel-grid-cell\" ><div id=\"panel-180-4-1-0\" class=\"so-panel widget widget_sow-editor panel-first-child panel-last-child\" data-index=\"9\" ><div class=\"panel-widget-style panel-widget-style-for-180-4-1-0\" ><div\n\t\t\t\n\t\t\tclass=\"so-widget-sow-editor so-widget-sow-editor-base\"\n\t\t\t\n\t\t>\n<div class=\"siteorigin-widget-tinymce textwidget\">\n\t<p><img loading=\"lazy\" decoding=\"async\" class=\"size-full wp-image-81 alignleft\" src=\"https:\/\/k-a-l.dk\/wp-content\/uploads\/2016\/10\/002.png\" alt=\"002\" width=\"136\" height=\"129\" \/><\/p>\n<h2>Walsen<\/h2>\n<p>Backupwalzen, Abziehwalzen, Klemmwalzen, K\u00fchlwalzen,<br \/> Kammwalzen, Starkwalzen, Pr\u00e4gewalzen, Kontaktwalzen, Chrombeschichtung, PVD-Beschichtung.<\/p>\n<\/div>\n<\/div><\/div><\/div><\/div><\/div><div id=\"pg-180-5\"  class=\"panel-grid panel-no-style\" ><div id=\"pgc-180-5-0\"  class=\"panel-grid-cell panel-grid-cell-mobile-last\" ><div id=\"panel-180-5-0-0\" class=\"so-panel widget widget_sow-editor panel-first-child panel-last-child\" data-index=\"10\" ><div class=\"panel-widget-style panel-widget-style-for-180-5-0-0\" ><div\n\t\t\t\n\t\t\tclass=\"so-widget-sow-editor so-widget-sow-editor-base\"\n\t\t\t\n\t\t>\n<div class=\"siteorigin-widget-tinymce textwidget\">\n\t<h2><img loading=\"lazy\" decoding=\"async\" class=\"size-full wp-image-70 alignleft\" src=\"https:\/\/k-a-l.dk\/wp-content\/uploads\/2016\/10\/7.jpg\" alt=\"7\" width=\"150\" height=\"120\" \/><\/h2>\n<h2>D\u00fcsen<\/h2>\n<p>Gasnitriert, durchgeh\u00e4rtet, Chrombeschichtung, PVD-Beschichtung.<\/p>\n<\/div>\n<\/div><\/div><\/div><\/div><div id=\"pgc-180-5-1\"  class=\"panel-grid-cell panel-grid-cell-empty\" ><\/div><\/div><\/div>","protected":false},"excerpt":{"rendered":"<p>Schnecke, F\u00f6rderelemente und Zylinder Grunds\u00e4tzlich l\u00e4sst sich alles reparieren!Die Problemstellung ist klar: Neue Schnecken, F\u00f6rderelemente und Zylinder sind kostspielig. Aber egal ob Kunststoff, Gummi, Fl\u00fcssigkeiten, Nahrungsmittel oder andere Stoffe unter Druck und hoher Temperatur gemischt und transportiert werden sollen, kommt es in der Fertigung wesentlich auf die optimale Funktion dieser Teile an &#8211; Volumen und [&hellip;]<\/p>\n","protected":false},"author":1,"featured_media":0,"parent":0,"menu_order":0,"comment_status":"closed","ping_status":"closed","template":"","meta":{"footnotes":""},"class_list":["post-180","page","type-page","status-publish","hentry"],"_links":{"self":[{"href":"https:\/\/k-a-l.dk\/de\/wp-json\/wp\/v2\/pages\/180","targetHints":{"allow":["GET"]}}],"collection":[{"href":"https:\/\/k-a-l.dk\/de\/wp-json\/wp\/v2\/pages"}],"about":[{"href":"https:\/\/k-a-l.dk\/de\/wp-json\/wp\/v2\/types\/page"}],"author":[{"embeddable":true,"href":"https:\/\/k-a-l.dk\/de\/wp-json\/wp\/v2\/users\/1"}],"replies":[{"embeddable":true,"href":"https:\/\/k-a-l.dk\/de\/wp-json\/wp\/v2\/comments?post=180"}],"version-history":[{"count":4,"href":"https:\/\/k-a-l.dk\/de\/wp-json\/wp\/v2\/pages\/180\/revisions"}],"predecessor-version":[{"id":300,"href":"https:\/\/k-a-l.dk\/de\/wp-json\/wp\/v2\/pages\/180\/revisions\/300"}],"wp:attachment":[{"href":"https:\/\/k-a-l.dk\/de\/wp-json\/wp\/v2\/media?parent=180"}],"curies":[{"name":"wp","href":"https:\/\/api.w.org\/{rel}","templated":true}]}}