{"id":164,"date":"2016-10-19T08:23:10","date_gmt":"2016-10-19T08:23:10","guid":{"rendered":"http:\/\/9851cab09eccb508715b8fa81b4791e9ed570b28.web26.temporaryurl.org\/nyfremstilling\/?lang=de"},"modified":"2016-10-31T11:30:49","modified_gmt":"2016-10-31T11:30:49","slug":"nyfremstilling","status":"publish","type":"page","link":"https:\/\/k-a-l.dk\/de\/nyfremstilling\/","title":{"rendered":"Neufertigung"},"content":{"rendered":"<div id=\"pl-164\"  class=\"panel-layout\" ><div id=\"pg-164-0\"  class=\"panel-grid panel-no-style\" ><div id=\"pgc-164-0-0\"  class=\"panel-grid-cell\" ><div id=\"panel-164-0-0-0\" class=\"so-panel widget widget_sow-editor panel-first-child panel-last-child\" data-index=\"0\" ><div\n\t\t\t\n\t\t\tclass=\"so-widget-sow-editor so-widget-sow-editor-base\"\n\t\t\t\n\t\t>\n<div class=\"siteorigin-widget-tinymce textwidget\">\n\t<h1>Neufertigung<\/h1>\n<\/div>\n<\/div><\/div><\/div><\/div><div id=\"pg-164-1\"  class=\"panel-grid panel-no-style\" ><div id=\"pgc-164-1-0\"  class=\"panel-grid-cell\" ><div id=\"panel-164-1-0-0\" class=\"so-panel widget widget_sow-editor panel-first-child panel-last-child\" data-index=\"1\" ><div\n\t\t\t\n\t\t\tclass=\"so-widget-sow-editor so-widget-sow-editor-base\"\n\t\t\t\n\t\t>\n<div class=\"siteorigin-widget-tinymce textwidget\">\n\t<p>K.A.L. liefert alle Formen von Bimetall Zylinder, Schnecken, F\u00f6rderelementen und Zylinder sowie andere wichtige, runde Verschlei\u00dfteile.<\/p>\n<p>Wir besitzen die Expertise, um in allen Phasen behilflich zu sein \u2013 vom Design und er Abmessung \u00fcber Fertigung bis zur Endlieferung.<\/p>\n<p>Au\u00dferdem fertigen wir:<\/p>\n<ul>\n<li>Schneckenelemente und Schneckenspitzen<\/li>\n<li>Einlauf\u00f6ffnungen<\/li>\n<li>R\u00fccksprungsperren<\/li>\n<li>Walzen und D\u00fcsen<\/li>\n<\/ul>\n<p>Die Teile sind in allen Stahltypen und in Bimetall aus verschiedenen Metalllegierungen lieferbar. H\u00e4rten, W\u00e4rmebehandlung und Beschichtung in allen \u00fcblichen Techniken.<br \/> Weitere Informationen, z.B. zu Technologien, Materialien und Beschichtungen, <a href=\"\/tekniske-data\/?lang=de\">finden Sie hier &gt;&gt;\u00a0 Technische daten.<\/a><\/p>\n<\/div>\n<\/div><\/div><\/div><div id=\"pgc-164-1-1\"  class=\"panel-grid-cell panel-grid-cell-empty\" ><\/div><div id=\"pgc-164-1-2\"  class=\"panel-grid-cell\" ><div id=\"panel-164-1-2-0\" class=\"so-panel widget widget_sow-editor panel-first-child panel-last-child\" data-index=\"2\" ><div class=\"panel-widget-style panel-widget-style-for-164-1-2-0\" ><div\n\t\t\t\n\t\t\tclass=\"so-widget-sow-editor so-widget-sow-editor-base\"\n\t\t\t\n\t\t>\n<div class=\"siteorigin-widget-tinymce textwidget\">\n\t<p><img loading=\"lazy\" decoding=\"async\" class=\"size-full wp-image-86 aligncenter\" src=\"https:\/\/k-a-l.dk\/wp-content\/uploads\/2016\/10\/snekke_nyfremstilling_cylinder.jpg\" alt=\"snekke_nyfremstilling_cylinder\" width=\"200\" height=\"227\" \/><\/p>\n<\/div>\n<\/div><\/div><\/div><\/div><\/div><div id=\"pg-164-2\"  class=\"panel-grid panel-has-style\" ><div class=\"panel-row-style panel-row-style-for-164-2\" ><div id=\"pgc-164-2-0\"  class=\"panel-grid-cell\" ><div id=\"panel-164-2-0-0\" class=\"so-panel widget widget_sow-editor panel-first-child panel-last-child\" data-index=\"3\" ><div\n\t\t\t\n\t\t\tclass=\"so-widget-sow-editor so-widget-sow-editor-base\"\n\t\t\t\n\t\t>\n<div class=\"siteorigin-widget-tinymce textwidget\">\n\t<h2>Produktangebot \u2013 Neufertigung<\/h2>\n<p>&nbsp;<\/p>\n<\/div>\n<\/div><\/div><\/div><\/div><\/div><div id=\"pg-164-3\"  class=\"panel-grid panel-no-style\" ><div id=\"pgc-164-3-0\"  class=\"panel-grid-cell\" ><div id=\"panel-164-3-0-0\" class=\"so-panel widget widget_sow-editor panel-first-child panel-last-child\" data-index=\"4\" ><div class=\"panel-widget-style panel-widget-style-for-164-3-0-0\" ><div\n\t\t\t\n\t\t\tclass=\"so-widget-sow-editor so-widget-sow-editor-base\"\n\t\t\t\n\t\t>\n<div class=\"siteorigin-widget-tinymce textwidget\">\n\t<h2><img loading=\"lazy\" decoding=\"async\" class=\"size-full wp-image-78 alignleft\" src=\"https:\/\/k-a-l.dk\/wp-content\/uploads\/2016\/10\/001.png\" alt=\"001\" width=\"137\" height=\"199\" \/><\/h2>\n<h2>Produktangebot<\/h2>\n<p><strong>Schnecken - Schneckenelemente - F\u00f6rderelemente \u2013 Schneckenspitzen<\/strong><br \/>\nDesign, Abmessung, durchgeh\u00e4rtet, gasnitriert, Stellit 12, Colmonoy 56, Wolframkarbid, Barrierestege, Mischer, Entgasung, PVD-Beschichtung<\/p>\n<\/div>\n<\/div><\/div><\/div><\/div><div id=\"pgc-164-3-1\"  class=\"panel-grid-cell\" ><div id=\"panel-164-3-1-0\" class=\"so-panel widget widget_sow-editor panel-first-child panel-last-child\" data-index=\"5\" ><div class=\"panel-widget-style panel-widget-style-for-164-3-1-0\" ><div\n\t\t\t\n\t\t\tclass=\"so-widget-sow-editor so-widget-sow-editor-base\"\n\t\t\t\n\t\t>\n<div class=\"siteorigin-widget-tinymce textwidget\">\n\t<p><img loading=\"lazy\" decoding=\"async\" class=\"size-full wp-image-66 alignleft\" src=\"https:\/\/k-a-l.dk\/wp-content\/uploads\/2016\/10\/3.jpg\" alt=\"3\" width=\"150\" height=\"112\" \/><\/p>\n<h2>Zylinder und Einlauf\u00f6ffnungen<\/h2>\n<p>Abmessung, Honen, Einsetzen neuer St\u00fccke, durchgeh\u00e4rtet,<br \/> gasnitriert, Bimetall, Bimetall mit Wolframkarbid, Entgasung, Einlauf\u00f6ffnungen, Nutenb\u00fcchsen.<\/p>\n<\/div>\n<\/div><\/div><\/div><\/div><\/div><div id=\"pg-164-4\"  class=\"panel-grid panel-no-style\" ><div id=\"pgc-164-4-0\"  class=\"panel-grid-cell\" ><div id=\"panel-164-4-0-0\" class=\"so-panel widget widget_sow-editor panel-first-child panel-last-child\" data-index=\"6\" ><div class=\"panel-widget-style panel-widget-style-for-164-4-0-0\" ><div\n\t\t\t\n\t\t\tclass=\"so-widget-sow-editor so-widget-sow-editor-base\"\n\t\t\t\n\t\t>\n<div class=\"siteorigin-widget-tinymce textwidget\">\n\t<h2><img loading=\"lazy\" decoding=\"async\" class=\"size-full wp-image-67 alignleft\" src=\"https:\/\/k-a-l.dk\/wp-content\/uploads\/2016\/10\/4.jpg\" alt=\"4\" width=\"150\" height=\"150\" \/><\/h2>\n<h2>R\u00fccksprungssperre<\/h2>\n<p>Aufschwei\u00dfen von Verschlussfl\u00e4chen, gasnitriert, durchgeh\u00e4rtet, Wolframkarbid.<\/p>\n<\/div>\n<\/div><\/div><\/div><\/div><div id=\"pgc-164-4-1\"  class=\"panel-grid-cell\" ><div id=\"panel-164-4-1-0\" class=\"so-panel widget widget_sow-editor panel-first-child panel-last-child\" data-index=\"7\" ><div class=\"panel-widget-style panel-widget-style-for-164-4-1-0\" ><div\n\t\t\t\n\t\t\tclass=\"so-widget-sow-editor so-widget-sow-editor-base\"\n\t\t\t\n\t\t>\n<div class=\"siteorigin-widget-tinymce textwidget\">\n\t<p><img loading=\"lazy\" decoding=\"async\" class=\"size-full wp-image-81 alignleft\" src=\"https:\/\/k-a-l.dk\/wp-content\/uploads\/2016\/10\/002.png\" alt=\"002\" width=\"136\" height=\"129\" \/><\/p>\n<h2>Walsen<\/h2>\n<p>Backupwalzen, Abziehwalzen, Klemmwalzen, K\u00fchlwalzen,<br \/> Kammwalzen, Starkwalzen, Pr\u00e4gewalzen, Kontaktwalzen, Chrombeschichtung, PVD-Beschichtung.<\/p>\n<\/div>\n<\/div><\/div><\/div><\/div><\/div><div id=\"pg-164-5\"  class=\"panel-grid panel-no-style\" ><div id=\"pgc-164-5-0\"  class=\"panel-grid-cell panel-grid-cell-mobile-last\" ><div id=\"panel-164-5-0-0\" class=\"so-panel widget widget_sow-editor panel-first-child panel-last-child\" data-index=\"8\" ><div class=\"panel-widget-style panel-widget-style-for-164-5-0-0\" ><div\n\t\t\t\n\t\t\tclass=\"so-widget-sow-editor so-widget-sow-editor-base\"\n\t\t\t\n\t\t>\n<div class=\"siteorigin-widget-tinymce textwidget\">\n\t<h2><img loading=\"lazy\" decoding=\"async\" class=\"size-full wp-image-70 alignleft\" src=\"https:\/\/k-a-l.dk\/wp-content\/uploads\/2016\/10\/7.jpg\" alt=\"7\" width=\"150\" height=\"120\" \/><\/h2>\n<h2>D\u00fcsen<\/h2>\n<p>Gasnitriert, durchgeh\u00e4rtet, Chrombeschichtung, PVD-Beschichtung.<\/p>\n<\/div>\n<\/div><\/div><\/div><\/div><div id=\"pgc-164-5-1\"  class=\"panel-grid-cell panel-grid-cell-empty\" ><\/div><\/div><\/div>","protected":false},"excerpt":{"rendered":"<p>Neufertigung K.A.L. liefert alle Formen von Bimetall Zylinder, Schnecken, F\u00f6rderelementen und Zylinder sowie andere wichtige, runde Verschlei\u00dfteile.Wir besitzen die Expertise, um in allen Phasen behilflich zu sein \u2013 vom Design und er Abmessung \u00fcber Fertigung bis zur Endlieferung.Au\u00dferdem fertigen wir:Schneckenelemente und SchneckenspitzenEinlauf\u00f6ffnungenR\u00fccksprungsperrenWalzen und D\u00fcsenDie Teile sind in allen Stahltypen und in Bimetall aus verschiedenen Metalllegierungen [&hellip;]<\/p>\n","protected":false},"author":1,"featured_media":0,"parent":0,"menu_order":0,"comment_status":"closed","ping_status":"closed","template":"","meta":{"footnotes":""},"class_list":["post-164","page","type-page","status-publish","hentry"],"_links":{"self":[{"href":"https:\/\/k-a-l.dk\/de\/wp-json\/wp\/v2\/pages\/164","targetHints":{"allow":["GET"]}}],"collection":[{"href":"https:\/\/k-a-l.dk\/de\/wp-json\/wp\/v2\/pages"}],"about":[{"href":"https:\/\/k-a-l.dk\/de\/wp-json\/wp\/v2\/types\/page"}],"author":[{"embeddable":true,"href":"https:\/\/k-a-l.dk\/de\/wp-json\/wp\/v2\/users\/1"}],"replies":[{"embeddable":true,"href":"https:\/\/k-a-l.dk\/de\/wp-json\/wp\/v2\/comments?post=164"}],"version-history":[{"count":5,"href":"https:\/\/k-a-l.dk\/de\/wp-json\/wp\/v2\/pages\/164\/revisions"}],"predecessor-version":[{"id":299,"href":"https:\/\/k-a-l.dk\/de\/wp-json\/wp\/v2\/pages\/164\/revisions\/299"}],"wp:attachment":[{"href":"https:\/\/k-a-l.dk\/de\/wp-json\/wp\/v2\/media?parent=164"}],"curies":[{"name":"wp","href":"https:\/\/api.w.org\/{rel}","templated":true}]}}