{"id":155,"date":"2016-10-21T08:23:45","date_gmt":"2016-10-21T08:23:45","guid":{"rendered":"http:\/\/9851cab09eccb508715b8fa81b4791e9ed570b28.web26.temporaryurl.org\/om-os\/?lang=de"},"modified":"2017-09-12T08:37:02","modified_gmt":"2017-09-12T08:37:02","slug":"om-os","status":"publish","type":"page","link":"https:\/\/k-a-l.dk\/de\/om-os\/","title":{"rendered":"\u00dcber K.A.L."},"content":{"rendered":"<div id=\"pl-155\"  class=\"panel-layout\" ><div id=\"pg-155-0\"  class=\"panel-grid panel-has-style\" ><div class=\"panel-row-style panel-row-style-for-155-0\" ><div id=\"pgc-155-0-0\"  class=\"panel-grid-cell\" ><div id=\"panel-155-0-0-0\" class=\"so-panel widget widget_sow-image panel-first-child panel-last-child\" data-index=\"0\" ><div\n\t\t\t\n\t\t\tclass=\"so-widget-sow-image so-widget-sow-image-default-a258e6bfa2d8-155\"\n\t\t\t\n\t\t>\n<div class=\"sow-image-container\">\n\t\t<img \n\tsrc=\"https:\/\/k-a-l.dk\/wp-content\/uploads\/2016\/10\/Sliderbillede-nummer-1-1.jpg\" width=\"1919\" height=\"525\" srcset=\"https:\/\/k-a-l.dk\/wp-content\/uploads\/2016\/10\/Sliderbillede-nummer-1-1.jpg 1919w, https:\/\/k-a-l.dk\/wp-content\/uploads\/2016\/10\/Sliderbillede-nummer-1-1-300x82.jpg 300w, https:\/\/k-a-l.dk\/wp-content\/uploads\/2016\/10\/Sliderbillede-nummer-1-1-768x210.jpg 768w, https:\/\/k-a-l.dk\/wp-content\/uploads\/2016\/10\/Sliderbillede-nummer-1-1-1024x280.jpg 1024w\" sizes=\"(max-width: 1919px) 100vw, 1919px\" title=\"Sliderbillede nummer 1\" alt=\"\" \t\tclass=\"so-widget-image\"\/>\n\t<\/div>\n\n<\/div><\/div><\/div><\/div><\/div><div id=\"pg-155-1\"  class=\"panel-grid panel-no-style\" ><div id=\"pgc-155-1-0\"  class=\"panel-grid-cell panel-grid-cell-mobile-last\" ><div id=\"panel-155-1-0-0\" class=\"so-panel widget widget_sow-editor panel-first-child panel-last-child\" data-index=\"1\" ><div\n\t\t\t\n\t\t\tclass=\"so-widget-sow-editor so-widget-sow-editor-base\"\n\t\t\t\n\t\t>\n<div class=\"siteorigin-widget-tinymce textwidget\">\n\t<h1>\u00dcber K.A.L.<\/h1>\n<\/div>\n<\/div><\/div><\/div><div id=\"pgc-155-1-1\"  class=\"panel-grid-cell panel-grid-cell-empty\" ><\/div><\/div><div id=\"pg-155-2\"  class=\"panel-grid panel-no-style\" ><div id=\"pgc-155-2-0\"  class=\"panel-grid-cell\" ><div id=\"panel-155-2-0-0\" class=\"so-panel widget widget_sow-editor panel-first-child panel-last-child\" data-index=\"2\" ><div\n\t\t\t\n\t\t\tclass=\"so-widget-sow-editor so-widget-sow-editor-base\"\n\t\t\t\n\t\t>\n<div class=\"siteorigin-widget-tinymce textwidget\">\n\t<p>Das Unternehmen wurde vor mehr als 40 Jahren gegr\u00fcndet. Das Stammkapital der K.A.L ProcesTeknik A\/S wird heute allein von Clextral S.A.S. gehalten, der seine Arbeit in der Kunststoffindustrie fortsetzte und die technologischen F\u00e4higkeiten des Unternehmens behauptete und entwickelte. Im Jahr 2012 begann das Unternehmen auch den Ersatz von Ersatzteilen f\u00fcr Clextral Doppelschneckenextruder in den nordischen L\u00e4ndern<\/p>\n<p>Das moderne Unternehmen verf\u00fcgt \u00fcber alle erforderlichen CNC-gesteuerten und automatischen Fertigungsanlagen, um eine effektive und qualitativ korrekte Ausf\u00fchrung der Auftr\u00e4ge sicherzustellen. Der Maschinenpark wird laufend erweitert und modernisiert.<br \/> Bei K.A.L. genie\u00dfen die Mitarbeiter hohe Priorit\u00e4t. Wir setzen uns daf\u00fcr ein, unsere Mitarbeiter weiterzubilden und bei uns zu halten. Dies hat zu langen Betriebszugeh\u00f6rigkeiten gef\u00fchrt - unsere Garantie f\u00fcr die verl\u00e4ssliche und einwandfreie Ausf\u00fchrung aller Auftr\u00e4ge.<\/p>\n<p><strong>Bei K.A.L. genie\u00dft die Prozessoptimierung bei unseren Kunden immer h\u00f6chste Priorit\u00e4t \u2013 unsere Basis f\u00fcr Kreativit\u00e4t, Einsatzwillen und Kundenservice.<\/strong><\/p>\n<\/div>\n<\/div><\/div><\/div><div id=\"pgc-155-2-1\"  class=\"panel-grid-cell\" ><div id=\"panel-155-2-1-0\" class=\"so-panel widget widget_sow-editor panel-first-child\" data-index=\"3\" ><div class=\"frontBox2 panel-widget-style panel-widget-style-for-155-2-1-0\" ><div\n\t\t\t\n\t\t\tclass=\"so-widget-sow-editor so-widget-sow-editor-base\"\n\t\t\t\n\t\t>\n<div class=\"siteorigin-widget-tinymce textwidget\">\n\t<h2>Info<\/h2>\n<\/div>\n<\/div><\/div><\/div><div id=\"panel-155-2-1-1\" class=\"so-panel widget widget_sow-editor panel-last-child\" data-index=\"4\" ><div class=\"frontBoxText2 panel-widget-style panel-widget-style-for-155-2-1-1\" ><div\n\t\t\t\n\t\t\tclass=\"so-widget-sow-editor so-widget-sow-editor-base\"\n\t\t\t\n\t\t>\n<div class=\"siteorigin-widget-tinymce textwidget\">\n\t<p>Erhvervsparken 5<br \/>\n4621 Gadstrup<br \/>\nTelefon: + <a href=\"tel:46191103\">45 4619 1103<\/a><br \/>\nTelefax: + <a href=\"tel:46191499\">45 4619 1499<\/a><br \/>\nMobil: + <a href=\"tel:21288852\">45 2128 8852<\/a><br \/>\ne-mail: <a href=\"mailto:info@k-a-l.dk\">info@k-a-l.dk<\/a><\/p>\n<\/div>\n<\/div><\/div><\/div><\/div><\/div><\/div>","protected":false},"excerpt":{"rendered":"<p>\u00dcber K.A.L.<\/p>\n","protected":false},"author":1,"featured_media":0,"parent":0,"menu_order":0,"comment_status":"closed","ping_status":"closed","template":"","meta":{"footnotes":""},"class_list":["post-155","page","type-page","status-publish","hentry"],"_links":{"self":[{"href":"https:\/\/k-a-l.dk\/de\/wp-json\/wp\/v2\/pages\/155","targetHints":{"allow":["GET"]}}],"collection":[{"href":"https:\/\/k-a-l.dk\/de\/wp-json\/wp\/v2\/pages"}],"about":[{"href":"https:\/\/k-a-l.dk\/de\/wp-json\/wp\/v2\/types\/page"}],"author":[{"embeddable":true,"href":"https:\/\/k-a-l.dk\/de\/wp-json\/wp\/v2\/users\/1"}],"replies":[{"embeddable":true,"href":"https:\/\/k-a-l.dk\/de\/wp-json\/wp\/v2\/comments?post=155"}],"version-history":[{"count":5,"href":"https:\/\/k-a-l.dk\/de\/wp-json\/wp\/v2\/pages\/155\/revisions"}],"predecessor-version":[{"id":422,"href":"https:\/\/k-a-l.dk\/de\/wp-json\/wp\/v2\/pages\/155\/revisions\/422"}],"wp:attachment":[{"href":"https:\/\/k-a-l.dk\/de\/wp-json\/wp\/v2\/media?parent=155"}],"curies":[{"name":"wp","href":"https:\/\/api.w.org\/{rel}","templated":true}]}}